{"id":18760,"date":"2023-04-05T15:29:53","date_gmt":"2023-04-05T13:29:53","guid":{"rendered":"https:\/\/chelidonia.com\/politique-de-confidentialite\/"},"modified":"2023-04-05T15:29:54","modified_gmt":"2023-04-05T13:29:54","slug":"politique-de-confidentialite","status":"publish","type":"page","link":"https:\/\/chelidonia.com\/fr\/politique-de-confidentialite\/","title":{"rendered":"Politique de confidentialit\u00e9"},"content":{"rendered":"<div class=\"wpb-content-wrapper\"><p>[vc_row css_animation=\u00a0\u00bb\u00a0\u00bb row_type=\u00a0\u00bbrow\u00a0\u00bb use_row_as_full_screen_section=\u00a0\u00bbno\u00a0\u00bb type=\u00a0\u00bbfull_width\u00a0\u00bb angled_section=\u00a0\u00bbno\u00a0\u00bb text_align=\u00a0\u00bbleft\u00a0\u00bb background_image_as_pattern=\u00a0\u00bbwithout_pattern\u00a0\u00bb][vc_column]<div id=\"ultimate-heading-801769e7a83701a6c\" class=\"uvc-heading ult-adjust-bottom-margin ultimate-heading-801769e7a83701a6c uvc-7961 \" data-hspacer=\"line_only\"  data-halign=\"center\" style=\"text-align:center\"><div class=\"uvc-main-heading ult-responsive\"  data-ultimate-target='.uvc-heading.ultimate-heading-801769e7a83701a6c h1'  data-responsive-json-new='{\"font-size\":\"desktop:48px;\",\"line-height\":\"\"}' ><h1 style=\"font-family:&#039;Quicksand&#039;;font-weight:300;margin-top:50px;margin-bottom:25px;\">Politique de confidentialit\u00e9<\/h1><\/div><div class=\"uvc-heading-spacer line_only\" style=\"margin-top:25px;margin-bottom:50px;height:1px;\"><span class=\"uvc-headings-line\" style=\"border-style:solid;border-bottom-width:1px;border-color:#ccc;width:autopx;\"><\/span><\/div><\/div>[\/vc_column][\/vc_row][vc_row css_animation=\u00a0\u00bb\u00a0\u00bb row_type=\u00a0\u00bbrow\u00a0\u00bb use_row_as_full_screen_section=\u00a0\u00bbno\u00a0\u00bb type=\u00a0\u00bbfull_width\u00a0\u00bb angled_section=\u00a0\u00bbno\u00a0\u00bb text_align=\u00a0\u00bbleft\u00a0\u00bb background_image_as_pattern=\u00a0\u00bbwithout_pattern\u00a0\u00bb][vc_column][vc_column_text]Chers visiteurs<\/p>\n<p>&nbsp;<\/p>\n<p>Ce site Web est enti\u00e8rement conforme aux nouvelles lois europ\u00e9ennes sur la protection des donn\u00e9es. Nous ne suivons pas et il n&rsquo;y a pas de services tiers int\u00e9gr\u00e9s dans ce site Web \u00e0 l&rsquo;exception de l&rsquo;outil de r\u00e9servation webhotelier (voir ci-dessous). Les cookies ne sont utilis\u00e9s que pour une meilleure exp\u00e9rience utilisateur sur notre site Web. L&rsquo;\u00e9quipe Web de Chelidonia n&rsquo;ex\u00e9cute des statistiques que pour des raisons purement techniques afin d&rsquo;identifier les erreurs, de pr\u00e9venir les dysfonctionnements ou de se d\u00e9fendre contre d&rsquo;\u00e9ventuelles cyberattaques. Les adresses IP contenues dans ces statistiques ne seront utilis\u00e9es \u00e0 aucune autre fin et sont supprim\u00e9es tous les mois. Votre visite sur le site Chelidonia.com est s\u00e9curis\u00e9e par une connexion https crypt\u00e9e. Nos serveurs fonctionnent sous Linux et sont situ\u00e9s dans un centre de donn\u00e9es de haute s\u00e9curit\u00e9 en Allemagne.<\/p>\n<p>&nbsp;<\/p>\n<p>Donn\u00e9es de r\u00e9servation,  adresse mail<\/p>\n<p>&nbsp;<\/p>\n<p>L&rsquo;outil de r\u00e9servation Chelidonia utilise l&rsquo;infrastructure de webhotelier.net, veuillez donc consulter leur politique de confidentialit\u00e9. Webhotelier.net est bas\u00e9 \u00e0 Chypre et est donc \u00e9galement soumis aux lois europ\u00e9ennes sur la protection des donn\u00e9es. De notre c\u00f4t\u00e9, vos donn\u00e9es de r\u00e9servation sont trait\u00e9es avec la plus grande discr\u00e9tion. Nous utilisons ces donn\u00e9es uniquement pour pouvoir fournir et affiner nos services. Ces donn\u00e9es ne sont bien entendu partag\u00e9es avec aucun tiers.<\/p>\n<p>&nbsp;<\/p>\n<p>De plus, nous enverrons un mail aux clients qui ont s\u00e9journ\u00e9 \u00e0 Chelidonia, g\u00e9n\u00e9ralement une fois par an, pour leur envoyer les meilleurs v\u0153ux et vous informer des nouvelles offres \u00e0 Chelidonia. Vous pouvez vous d\u00e9sinscrire de ce service \u00e0 tout moment, en envoyant simplement un mail avec le sujet \u00ab\u00a0se d\u00e9sabonner\u00a0\u00bb \u00e0 <a class=\"moz-txt-link-abbreviated\" href=\"mailto:info@chelidonia.com\">info@chelidonia.com<\/a>. Ce service est effectu\u00e9 par l&rsquo;\u00e9quipe Web de Chelidonia, il n&rsquo;y a pas de tiers impliqu\u00e9s.<\/p>\n<p>&nbsp;<\/p>\n<p>Chelidonia sur les r\u00e9seaux sociaux<\/p>\n<p>&nbsp;<\/p>\n<p>Chelidonia entretient une pr\u00e9sence sur Facebook, mais aucun service Facebook n&rsquo;est int\u00e9gr\u00e9 au site Web de Chelidonia.<\/p>\n<p>&nbsp;<\/p>\n<p>Toutes les fonctionnalit\u00e9s de confidentialit\u00e9 de Chelidonia r\u00e9pertori\u00e9es ci-dessus ont \u00e9t\u00e9 introduites des ann\u00e9es avant la promulgation des nouvelles lois europ\u00e9ennes sur la protection des donn\u00e9es. Nous avons toujours plac\u00e9 la confidentialit\u00e9 des clients parmi les valeurs fondamentales de notre entreprise.[\/vc_column_text][\/vc_column][\/vc_row]<\/p>\n<\/div>","protected":false},"excerpt":{"rendered":"<p>[vc_row css_animation=\u00a0\u00bb\u00a0\u00bb row_type=\u00a0\u00bbrow\u00a0\u00bb use_row_as_full_screen_section=\u00a0\u00bbno\u00a0\u00bb type=\u00a0\u00bbfull_width\u00a0\u00bb angled_section=\u00a0\u00bbno\u00a0\u00bb text_align=\u00a0\u00bbleft\u00a0\u00bb background_image_as_pattern=\u00a0\u00bbwithout_pattern\u00a0\u00bb][vc_column][\/vc_column][\/vc_row][vc_row css_animation=\u00a0\u00bb\u00a0\u00bb row_type=\u00a0\u00bbrow\u00a0\u00bb use_row_as_full_screen_section=\u00a0\u00bbno\u00a0\u00bb type=\u00a0\u00bbfull_width\u00a0\u00bb angled_section=\u00a0\u00bbno\u00a0\u00bb text_align=\u00a0\u00bbleft\u00a0\u00bb background_image_as_pattern=\u00a0\u00bbwithout_pattern\u00a0\u00bb][vc_column][vc_column_text]Chers visiteurs &nbsp; Ce site Web est enti\u00e8rement conforme aux nouvelles lois europ\u00e9ennes sur la protection des donn\u00e9es. Nous ne suivons pas et il n&rsquo;y a pas de services tiers int\u00e9gr\u00e9s&#8230;<\/p>\n","protected":false},"author":1,"featured_media":0,"parent":0,"menu_order":0,"comment_status":"closed","ping_status":"closed","template":"","meta":[],"yoast_head":"<!-- This site is optimized with the Yoast SEO plugin v21.0 - https:\/\/yoast.com\/wordpress\/plugins\/seo\/ -->\n<title>Politique de confidentialit\u00e9 - Chelidonia Villas &amp; Suites<\/title>\n<meta name=\"robots\" content=\"index, follow, max-snippet:-1, max-image-preview:large, max-video-preview:-1\" \/>\n<link rel=\"canonical\" href=\"https:\/\/chelidonia.com\/fr\/politique-de-confidentialite\/\" \/>\n<meta property=\"og:locale\" content=\"fr_FR\" \/>\n<meta property=\"og:type\" content=\"article\" \/>\n<meta property=\"og:title\" content=\"Politique de confidentialit\u00e9 - Chelidonia Villas &amp; Suites\" \/>\n<meta property=\"og:description\" content=\"[vc_row css_animation=\u00a0\u00bb\u00a0\u00bb row_type=\u00a0\u00bbrow\u00a0\u00bb use_row_as_full_screen_section=\u00a0\u00bbno\u00a0\u00bb type=\u00a0\u00bbfull_width\u00a0\u00bb angled_section=\u00a0\u00bbno\u00a0\u00bb text_align=\u00a0\u00bbleft\u00a0\u00bb background_image_as_pattern=\u00a0\u00bbwithout_pattern\u00a0\u00bb][vc_column][\/vc_column][\/vc_row][vc_row css_animation=\u00a0\u00bb\u00a0\u00bb row_type=\u00a0\u00bbrow\u00a0\u00bb use_row_as_full_screen_section=\u00a0\u00bbno\u00a0\u00bb type=\u00a0\u00bbfull_width\u00a0\u00bb angled_section=\u00a0\u00bbno\u00a0\u00bb text_align=\u00a0\u00bbleft\u00a0\u00bb background_image_as_pattern=\u00a0\u00bbwithout_pattern\u00a0\u00bb][vc_column][vc_column_text]Chers visiteurs &nbsp; Ce site Web est enti\u00e8rement conforme aux nouvelles lois europ\u00e9ennes sur la protection des donn\u00e9es. Nous ne suivons pas et il n&rsquo;y a pas de services tiers int\u00e9gr\u00e9s...\" \/>\n<meta property=\"og:url\" content=\"https:\/\/chelidonia.com\/fr\/politique-de-confidentialite\/\" \/>\n<meta property=\"og:site_name\" content=\"Chelidonia Villas &amp; Suites\" \/>\n<meta property=\"article:modified_time\" content=\"2023-04-05T13:29:54+00:00\" \/>\n<meta name=\"twitter:card\" content=\"summary_large_image\" \/>\n<meta name=\"twitter:label1\" content=\"Dur\u00e9e de lecture estim\u00e9e\" \/>\n\t<meta name=\"twitter:data1\" content=\"3 minutes\" \/>\n<script type=\"application\/ld+json\" class=\"yoast-schema-graph\">{\"@context\":\"https:\/\/schema.org\",\"@graph\":[{\"@type\":\"WebPage\",\"@id\":\"https:\/\/chelidonia.com\/fr\/politique-de-confidentialite\/\",\"url\":\"https:\/\/chelidonia.com\/fr\/politique-de-confidentialite\/\",\"name\":\"Politique de confidentialit\u00e9 - Chelidonia Villas &amp; Suites\",\"isPartOf\":{\"@id\":\"https:\/\/chelidonia.com\/#website\"},\"datePublished\":\"2023-04-05T13:29:53+00:00\",\"dateModified\":\"2023-04-05T13:29:54+00:00\",\"breadcrumb\":{\"@id\":\"https:\/\/chelidonia.com\/fr\/politique-de-confidentialite\/#breadcrumb\"},\"inLanguage\":\"fr-FR\",\"potentialAction\":[{\"@type\":\"ReadAction\",\"target\":[\"https:\/\/chelidonia.com\/fr\/politique-de-confidentialite\/\"]}]},{\"@type\":\"BreadcrumbList\",\"@id\":\"https:\/\/chelidonia.com\/fr\/politique-de-confidentialite\/#breadcrumb\",\"itemListElement\":[{\"@type\":\"ListItem\",\"position\":1,\"name\":\"Home\",\"item\":\"https:\/\/chelidonia.com\/fr\/\"},{\"@type\":\"ListItem\",\"position\":2,\"name\":\"Politique de confidentialit\u00e9\"}]},{\"@type\":\"WebSite\",\"@id\":\"https:\/\/chelidonia.com\/#website\",\"url\":\"https:\/\/chelidonia.com\/\",\"name\":\"Chelidonia Villas &amp; Suites\",\"description\":\"Luxury Suites &amp; Traditional Villas\",\"potentialAction\":[{\"@type\":\"SearchAction\",\"target\":{\"@type\":\"EntryPoint\",\"urlTemplate\":\"https:\/\/chelidonia.com\/?s={search_term_string}\"},\"query-input\":\"required name=search_term_string\"}],\"inLanguage\":\"fr-FR\"}]}<\/script>\n<!-- \/ Yoast SEO plugin. -->","yoast_head_json":{"title":"Politique de confidentialit\u00e9 - Chelidonia Villas &amp; Suites","robots":{"index":"index","follow":"follow","max-snippet":"max-snippet:-1","max-image-preview":"max-image-preview:large","max-video-preview":"max-video-preview:-1"},"canonical":"https:\/\/chelidonia.com\/fr\/politique-de-confidentialite\/","og_locale":"fr_FR","og_type":"article","og_title":"Politique de confidentialit\u00e9 - Chelidonia Villas &amp; Suites","og_description":"[vc_row css_animation=\u00a0\u00bb\u00a0\u00bb row_type=\u00a0\u00bbrow\u00a0\u00bb use_row_as_full_screen_section=\u00a0\u00bbno\u00a0\u00bb type=\u00a0\u00bbfull_width\u00a0\u00bb angled_section=\u00a0\u00bbno\u00a0\u00bb text_align=\u00a0\u00bbleft\u00a0\u00bb background_image_as_pattern=\u00a0\u00bbwithout_pattern\u00a0\u00bb][vc_column][\/vc_column][\/vc_row][vc_row css_animation=\u00a0\u00bb\u00a0\u00bb row_type=\u00a0\u00bbrow\u00a0\u00bb use_row_as_full_screen_section=\u00a0\u00bbno\u00a0\u00bb type=\u00a0\u00bbfull_width\u00a0\u00bb angled_section=\u00a0\u00bbno\u00a0\u00bb text_align=\u00a0\u00bbleft\u00a0\u00bb background_image_as_pattern=\u00a0\u00bbwithout_pattern\u00a0\u00bb][vc_column][vc_column_text]Chers visiteurs &nbsp; Ce site Web est enti\u00e8rement conforme aux nouvelles lois europ\u00e9ennes sur la protection des donn\u00e9es. Nous ne suivons pas et il n&rsquo;y a pas de services tiers int\u00e9gr\u00e9s...","og_url":"https:\/\/chelidonia.com\/fr\/politique-de-confidentialite\/","og_site_name":"Chelidonia Villas &amp; Suites","article_modified_time":"2023-04-05T13:29:54+00:00","twitter_card":"summary_large_image","twitter_misc":{"Dur\u00e9e de lecture estim\u00e9e":"3 minutes"},"schema":{"@context":"https:\/\/schema.org","@graph":[{"@type":"WebPage","@id":"https:\/\/chelidonia.com\/fr\/politique-de-confidentialite\/","url":"https:\/\/chelidonia.com\/fr\/politique-de-confidentialite\/","name":"Politique de confidentialit\u00e9 - Chelidonia Villas &amp; Suites","isPartOf":{"@id":"https:\/\/chelidonia.com\/#website"},"datePublished":"2023-04-05T13:29:53+00:00","dateModified":"2023-04-05T13:29:54+00:00","breadcrumb":{"@id":"https:\/\/chelidonia.com\/fr\/politique-de-confidentialite\/#breadcrumb"},"inLanguage":"fr-FR","potentialAction":[{"@type":"ReadAction","target":["https:\/\/chelidonia.com\/fr\/politique-de-confidentialite\/"]}]},{"@type":"BreadcrumbList","@id":"https:\/\/chelidonia.com\/fr\/politique-de-confidentialite\/#breadcrumb","itemListElement":[{"@type":"ListItem","position":1,"name":"Home","item":"https:\/\/chelidonia.com\/fr\/"},{"@type":"ListItem","position":2,"name":"Politique de confidentialit\u00e9"}]},{"@type":"WebSite","@id":"https:\/\/chelidonia.com\/#website","url":"https:\/\/chelidonia.com\/","name":"Chelidonia Villas &amp; Suites","description":"Luxury Suites &amp; Traditional Villas","potentialAction":[{"@type":"SearchAction","target":{"@type":"EntryPoint","urlTemplate":"https:\/\/chelidonia.com\/?s={search_term_string}"},"query-input":"required name=search_term_string"}],"inLanguage":"fr-FR"}]}},"_links":{"self":[{"href":"https:\/\/chelidonia.com\/fr\/wp-json\/wp\/v2\/pages\/18760"}],"collection":[{"href":"https:\/\/chelidonia.com\/fr\/wp-json\/wp\/v2\/pages"}],"about":[{"href":"https:\/\/chelidonia.com\/fr\/wp-json\/wp\/v2\/types\/page"}],"author":[{"embeddable":true,"href":"https:\/\/chelidonia.com\/fr\/wp-json\/wp\/v2\/users\/1"}],"replies":[{"embeddable":true,"href":"https:\/\/chelidonia.com\/fr\/wp-json\/wp\/v2\/comments?post=18760"}],"version-history":[{"count":2,"href":"https:\/\/chelidonia.com\/fr\/wp-json\/wp\/v2\/pages\/18760\/revisions"}],"predecessor-version":[{"id":18762,"href":"https:\/\/chelidonia.com\/fr\/wp-json\/wp\/v2\/pages\/18760\/revisions\/18762"}],"wp:attachment":[{"href":"https:\/\/chelidonia.com\/fr\/wp-json\/wp\/v2\/media?parent=18760"}],"curies":[{"name":"wp","href":"https:\/\/api.w.org\/{rel}","templated":true}]}}