{"id":18696,"date":"2023-03-29T19:05:30","date_gmt":"2023-03-29T17:05:30","guid":{"rendered":"https:\/\/chelidonia.com\/a-propos-de-nous\/"},"modified":"2023-03-29T19:05:32","modified_gmt":"2023-03-29T17:05:32","slug":"a-propos-de-nous","status":"publish","type":"page","link":"https:\/\/chelidonia.com\/fr\/a-propos-de-nous\/","title":{"rendered":"\u00c0 propos de nous"},"content":{"rendered":"<div class=\"wpb-content-wrapper\"><p>[vc_row css_animation=\u00a0\u00bb\u00a0\u00bb row_type=\u00a0\u00bbrow\u00a0\u00bb use_row_as_full_screen_section=\u00a0\u00bbno\u00a0\u00bb type=\u00a0\u00bbgrid\u00a0\u00bb angled_section=\u00a0\u00bbno\u00a0\u00bb text_align=\u00a0\u00bbleft\u00a0\u00bb background_image_as_pattern=\u00a0\u00bbwithout_pattern\u00a0\u00bb z_index=\u00a0\u00bb\u00a0\u00bb css=\u00a0\u00bb.vc_custom_1523867103328{margin-top: 100px !important;}\u00a0\u00bb][vc_column]<div id=\"ultimate-heading-627169e795c02155d\" class=\"uvc-heading ult-adjust-bottom-margin ultimate-heading-627169e795c02155d uvc-5978 \" data-hspacer=\"line_only\"  data-halign=\"center\" style=\"text-align:center\"><div class=\"uvc-main-heading ult-responsive\"  data-ultimate-target='.uvc-heading.ultimate-heading-627169e795c02155d h1'  data-responsive-json-new='{\"font-size\":\"desktop:48px;\",\"line-height\":\"\"}' ><h1 style=\"font-family:&#039;Quicksand&#039;;font-weight:300;margin-top:50px;margin-bottom:25px;\">\u00c0 propos de nous<\/h1><\/div><div class=\"uvc-heading-spacer line_only\" style=\"margin-top:25px;margin-bottom:50px;height:1px;\"><span class=\"uvc-headings-line\" style=\"border-style:solid;border-bottom-width:1px;border-color:#ccc;width:autopx;\"><\/span><\/div><\/div>[\/vc_column][\/vc_row][vc_row css_animation=\u00a0\u00bb\u00a0\u00bb row_type=\u00a0\u00bbrow\u00a0\u00bb use_row_as_full_screen_section=\u00a0\u00bbno\u00a0\u00bb type=\u00a0\u00bbgrid\u00a0\u00bb angled_section=\u00a0\u00bbno\u00a0\u00bb text_align=\u00a0\u00bbleft\u00a0\u00bb background_image_as_pattern=\u00a0\u00bbwithout_pattern\u00a0\u00bb z_index=\u00a0\u00bb\u00a0\u00bb css=\u00a0\u00bb.vc_custom_1518967997223{margin-top: 100px !important;margin-bottom: 100px !important;}\u00a0\u00bb][vc_column width=\u00a0\u00bb1\/2&Prime;][vc_column_text]<b>Chelidonia Villas est propri\u00e9t\u00e9 et g\u00e9r\u00e9e par la famille de Triantafyllos Pitsikalis.<\/b>. Notre clan s&rsquo;est install\u00e9<br \/>\ndans la baie de Chelidonia depuis au moins <b> huit g\u00e9n\u00e9rations <\/b>Nous croyons fermement que ce charmant<br \/>\net immacul\u00e9 quartier au c\u0153ur d&rsquo;Oia doit \u00eatre pr\u00e9serv\u00e9 tel qu&rsquo;il \u00e9tait depuis des si\u00e8cles.<\/p>\n<p>&nbsp;<\/p>\n<p>Veuillez consulter <a class=\"internlink\" href=\"http:\/\/chelidonia.com\/about\/history\/\">l&rsquo;histoire de Chelidonia.<\/a><\/p>\n<p>&nbsp;<\/p>\n<p>La plupart des b\u00e2timents de Chelidonia \u00e9taient autrefois la propri\u00e9t\u00e9 de membres de la famille et de<br \/>\nparents. Apr\u00e8s des d\u00e9buts modestes en 1979, nous avons constamment am\u00e9lior\u00e9 les villas et agrandi<br \/>\nl&rsquo;ensemble ann\u00e9e apr\u00e8s ann\u00e9e. La derni\u00e8re t\u00e2che a \u00e9t\u00e9 la reconstruction de la maison o\u00f9 vivait l&rsquo;arri\u00e8re-<br \/>\ngrand-m\u00e8re de Triantafyllos.<\/p>\n<p>&nbsp;<\/p>\n<p>Notre id\u00e9e principale a toujours \u00e9t\u00e9 d&rsquo;offrir de v\u00e9ritables maisons \u00e0 nos clients. Toutes les villas \u00e9taient<br \/>\nde v\u00e9ritables maisons auparavant, abritant de grandes familles. De l&rsquo;ext\u00e9rieur, elles sont rest\u00e9es les<br \/>\nm\u00eames, mais \u00e0 l&rsquo;int\u00e9rieur, tout est conforme aux normes haut de gamme.<\/p>\n<p>&nbsp;[\/vc_column_text][\/vc_column][vc_column width=\u00a0\u00bb1\/2&Prime;]<div tabindex=\"0\" class=\"ult-new-ib ult-ib-effect-style1  ult-ib-resp  \" data-min-width=\"768\" data-max-width=\"900\" style=\"background:#a6bbcd;\" data-opacity=\"1\" data-hover-opacity=\"0.5\" ><img class=\"ult-new-ib-img\" style=\"opacity:1;\" alt=\"null\" src=\"https:\/\/chelidonia.com\/wp-content\/uploads\/2019\/12\/photo-Reception.jpg\"   \/><div id=\"interactive-banner-wrap-2169\" class=\"ult-new-ib-desc\" style=\"\"><h2 class=\"ult-new-ib-title ult-responsive\"  data-ultimate-target='#interactive-banner-wrap-2169 .ult-new-ib-title'  data-responsive-json-new='{\"font-size\":\"desktop:28px;\",\"line-height\":\"desktop:28px;\"}'  style=\"font-family:&#039;Quicksand&#039;;font-weight:300;color:#ffffff;\">R\u00e9ception de Chelidonia Villas.<\/h2><\/div><\/div>[\/vc_column][\/vc_row][vc_row row_type=\u00a0\u00bbparallax\u00a0\u00bb parallax_content_width=\u00a0\u00bbfull_width\u00a0\u00bb text_align=\u00a0\u00bbcenter\u00a0\u00bb full_screen_section_height=\u00a0\u00bbyes\u00a0\u00bb background_image=\u00a0\u00bb16057&Prime; css=\u00a0\u00bb.vc_custom_1518967960062{margin-top: 100px !important;margin-bottom: 100px !important;}\u00a0\u00bb][vc_column][vc_empty_space height=\u00a0\u00bb500px\u00a0\u00bb][\/vc_column][\/vc_row]<\/p>\n<\/div>","protected":false},"excerpt":{"rendered":"<p>[vc_row css_animation=\u00a0\u00bb\u00a0\u00bb row_type=\u00a0\u00bbrow\u00a0\u00bb use_row_as_full_screen_section=\u00a0\u00bbno\u00a0\u00bb type=\u00a0\u00bbgrid\u00a0\u00bb angled_section=\u00a0\u00bbno\u00a0\u00bb text_align=\u00a0\u00bbleft\u00a0\u00bb background_image_as_pattern=\u00a0\u00bbwithout_pattern\u00a0\u00bb z_index=\u00a0\u00bb\u00a0\u00bb css=\u00a0\u00bb.vc_custom_1523867103328{margin-top: 100px !important;}\u00a0\u00bb][vc_column][\/vc_column][\/vc_row][vc_row css_animation=\u00a0\u00bb\u00a0\u00bb row_type=\u00a0\u00bbrow\u00a0\u00bb use_row_as_full_screen_section=\u00a0\u00bbno\u00a0\u00bb type=\u00a0\u00bbgrid\u00a0\u00bb angled_section=\u00a0\u00bbno\u00a0\u00bb text_align=\u00a0\u00bbleft\u00a0\u00bb background_image_as_pattern=\u00a0\u00bbwithout_pattern\u00a0\u00bb z_index=\u00a0\u00bb\u00a0\u00bb css=\u00a0\u00bb.vc_custom_1518967997223{margin-top: 100px !important;margin-bottom: 100px !important;}\u00a0\u00bb][vc_column width=\u00a0\u00bb1\/2&Prime;][vc_column_text]Chelidonia Villas est propri\u00e9t\u00e9 et g\u00e9r\u00e9e par la famille de Triantafyllos Pitsikalis.. Notre clan s&rsquo;est install\u00e9 dans la baie de&#8230;<\/p>\n","protected":false},"author":1,"featured_media":0,"parent":0,"menu_order":0,"comment_status":"closed","ping_status":"closed","template":"full_width.php","meta":[],"yoast_head":"<!-- This site is optimized with the Yoast SEO plugin v21.0 - https:\/\/yoast.com\/wordpress\/plugins\/seo\/ -->\n<title>\u00c0 propos de nous - Chelidonia Villas &amp; Suites<\/title>\n<meta name=\"robots\" content=\"index, follow, max-snippet:-1, max-image-preview:large, max-video-preview:-1\" \/>\n<link rel=\"canonical\" href=\"https:\/\/chelidonia.com\/fr\/a-propos-de-nous\/\" \/>\n<meta property=\"og:locale\" content=\"fr_FR\" \/>\n<meta property=\"og:type\" content=\"article\" \/>\n<meta property=\"og:title\" content=\"\u00c0 propos de nous - Chelidonia Villas &amp; Suites\" \/>\n<meta property=\"og:description\" content=\"[vc_row css_animation=\u00a0\u00bb\u00a0\u00bb row_type=\u00a0\u00bbrow\u00a0\u00bb use_row_as_full_screen_section=\u00a0\u00bbno\u00a0\u00bb type=\u00a0\u00bbgrid\u00a0\u00bb angled_section=\u00a0\u00bbno\u00a0\u00bb text_align=\u00a0\u00bbleft\u00a0\u00bb background_image_as_pattern=\u00a0\u00bbwithout_pattern\u00a0\u00bb z_index=\u00a0\u00bb\u00a0\u00bb css=\u00a0\u00bb.vc_custom_1523867103328{margin-top: 100px !important;}\u00a0\u00bb][vc_column][\/vc_column][\/vc_row][vc_row css_animation=\u00a0\u00bb\u00a0\u00bb row_type=\u00a0\u00bbrow\u00a0\u00bb use_row_as_full_screen_section=\u00a0\u00bbno\u00a0\u00bb type=\u00a0\u00bbgrid\u00a0\u00bb angled_section=\u00a0\u00bbno\u00a0\u00bb text_align=\u00a0\u00bbleft\u00a0\u00bb background_image_as_pattern=\u00a0\u00bbwithout_pattern\u00a0\u00bb z_index=\u00a0\u00bb\u00a0\u00bb css=\u00a0\u00bb.vc_custom_1518967997223{margin-top: 100px !important;margin-bottom: 100px !important;}\u00a0\u00bb][vc_column width=\u00a0\u00bb1\/2&Prime;][vc_column_text]Chelidonia Villas est propri\u00e9t\u00e9 et g\u00e9r\u00e9e par la famille de Triantafyllos Pitsikalis.. Notre clan s&rsquo;est install\u00e9 dans la baie de...\" \/>\n<meta property=\"og:url\" content=\"https:\/\/chelidonia.com\/fr\/a-propos-de-nous\/\" \/>\n<meta property=\"og:site_name\" content=\"Chelidonia Villas &amp; Suites\" \/>\n<meta property=\"article:modified_time\" content=\"2023-03-29T17:05:32+00:00\" \/>\n<meta name=\"twitter:card\" content=\"summary_large_image\" \/>\n<meta name=\"twitter:label1\" content=\"Dur\u00e9e de lecture estim\u00e9e\" \/>\n\t<meta name=\"twitter:data1\" content=\"2 minutes\" \/>\n<script type=\"application\/ld+json\" class=\"yoast-schema-graph\">{\"@context\":\"https:\/\/schema.org\",\"@graph\":[{\"@type\":\"WebPage\",\"@id\":\"https:\/\/chelidonia.com\/fr\/a-propos-de-nous\/\",\"url\":\"https:\/\/chelidonia.com\/fr\/a-propos-de-nous\/\",\"name\":\"\u00c0 propos de nous - Chelidonia Villas &amp; Suites\",\"isPartOf\":{\"@id\":\"https:\/\/chelidonia.com\/#website\"},\"datePublished\":\"2023-03-29T17:05:30+00:00\",\"dateModified\":\"2023-03-29T17:05:32+00:00\",\"breadcrumb\":{\"@id\":\"https:\/\/chelidonia.com\/fr\/a-propos-de-nous\/#breadcrumb\"},\"inLanguage\":\"fr-FR\",\"potentialAction\":[{\"@type\":\"ReadAction\",\"target\":[\"https:\/\/chelidonia.com\/fr\/a-propos-de-nous\/\"]}]},{\"@type\":\"BreadcrumbList\",\"@id\":\"https:\/\/chelidonia.com\/fr\/a-propos-de-nous\/#breadcrumb\",\"itemListElement\":[{\"@type\":\"ListItem\",\"position\":1,\"name\":\"Home\",\"item\":\"https:\/\/chelidonia.com\/fr\/\"},{\"@type\":\"ListItem\",\"position\":2,\"name\":\"\u00c0 propos de nous\"}]},{\"@type\":\"WebSite\",\"@id\":\"https:\/\/chelidonia.com\/#website\",\"url\":\"https:\/\/chelidonia.com\/\",\"name\":\"Chelidonia Villas &amp; Suites\",\"description\":\"Luxury Suites &amp; Traditional Villas\",\"potentialAction\":[{\"@type\":\"SearchAction\",\"target\":{\"@type\":\"EntryPoint\",\"urlTemplate\":\"https:\/\/chelidonia.com\/?s={search_term_string}\"},\"query-input\":\"required name=search_term_string\"}],\"inLanguage\":\"fr-FR\"}]}<\/script>\n<!-- \/ Yoast SEO plugin. -->","yoast_head_json":{"title":"\u00c0 propos de nous - Chelidonia Villas &amp; Suites","robots":{"index":"index","follow":"follow","max-snippet":"max-snippet:-1","max-image-preview":"max-image-preview:large","max-video-preview":"max-video-preview:-1"},"canonical":"https:\/\/chelidonia.com\/fr\/a-propos-de-nous\/","og_locale":"fr_FR","og_type":"article","og_title":"\u00c0 propos de nous - Chelidonia Villas &amp; Suites","og_description":"[vc_row css_animation=\u00a0\u00bb\u00a0\u00bb row_type=\u00a0\u00bbrow\u00a0\u00bb use_row_as_full_screen_section=\u00a0\u00bbno\u00a0\u00bb type=\u00a0\u00bbgrid\u00a0\u00bb angled_section=\u00a0\u00bbno\u00a0\u00bb text_align=\u00a0\u00bbleft\u00a0\u00bb background_image_as_pattern=\u00a0\u00bbwithout_pattern\u00a0\u00bb z_index=\u00a0\u00bb\u00a0\u00bb css=\u00a0\u00bb.vc_custom_1523867103328{margin-top: 100px !important;}\u00a0\u00bb][vc_column][\/vc_column][\/vc_row][vc_row css_animation=\u00a0\u00bb\u00a0\u00bb row_type=\u00a0\u00bbrow\u00a0\u00bb use_row_as_full_screen_section=\u00a0\u00bbno\u00a0\u00bb type=\u00a0\u00bbgrid\u00a0\u00bb angled_section=\u00a0\u00bbno\u00a0\u00bb text_align=\u00a0\u00bbleft\u00a0\u00bb background_image_as_pattern=\u00a0\u00bbwithout_pattern\u00a0\u00bb z_index=\u00a0\u00bb\u00a0\u00bb css=\u00a0\u00bb.vc_custom_1518967997223{margin-top: 100px !important;margin-bottom: 100px !important;}\u00a0\u00bb][vc_column width=\u00a0\u00bb1\/2&Prime;][vc_column_text]Chelidonia Villas est propri\u00e9t\u00e9 et g\u00e9r\u00e9e par la famille de Triantafyllos Pitsikalis.. Notre clan s&rsquo;est install\u00e9 dans la baie de...","og_url":"https:\/\/chelidonia.com\/fr\/a-propos-de-nous\/","og_site_name":"Chelidonia Villas &amp; Suites","article_modified_time":"2023-03-29T17:05:32+00:00","twitter_card":"summary_large_image","twitter_misc":{"Dur\u00e9e de lecture estim\u00e9e":"2 minutes"},"schema":{"@context":"https:\/\/schema.org","@graph":[{"@type":"WebPage","@id":"https:\/\/chelidonia.com\/fr\/a-propos-de-nous\/","url":"https:\/\/chelidonia.com\/fr\/a-propos-de-nous\/","name":"\u00c0 propos de nous - Chelidonia Villas &amp; Suites","isPartOf":{"@id":"https:\/\/chelidonia.com\/#website"},"datePublished":"2023-03-29T17:05:30+00:00","dateModified":"2023-03-29T17:05:32+00:00","breadcrumb":{"@id":"https:\/\/chelidonia.com\/fr\/a-propos-de-nous\/#breadcrumb"},"inLanguage":"fr-FR","potentialAction":[{"@type":"ReadAction","target":["https:\/\/chelidonia.com\/fr\/a-propos-de-nous\/"]}]},{"@type":"BreadcrumbList","@id":"https:\/\/chelidonia.com\/fr\/a-propos-de-nous\/#breadcrumb","itemListElement":[{"@type":"ListItem","position":1,"name":"Home","item":"https:\/\/chelidonia.com\/fr\/"},{"@type":"ListItem","position":2,"name":"\u00c0 propos de nous"}]},{"@type":"WebSite","@id":"https:\/\/chelidonia.com\/#website","url":"https:\/\/chelidonia.com\/","name":"Chelidonia Villas &amp; Suites","description":"Luxury Suites &amp; Traditional Villas","potentialAction":[{"@type":"SearchAction","target":{"@type":"EntryPoint","urlTemplate":"https:\/\/chelidonia.com\/?s={search_term_string}"},"query-input":"required name=search_term_string"}],"inLanguage":"fr-FR"}]}},"_links":{"self":[{"href":"https:\/\/chelidonia.com\/fr\/wp-json\/wp\/v2\/pages\/18696"}],"collection":[{"href":"https:\/\/chelidonia.com\/fr\/wp-json\/wp\/v2\/pages"}],"about":[{"href":"https:\/\/chelidonia.com\/fr\/wp-json\/wp\/v2\/types\/page"}],"author":[{"embeddable":true,"href":"https:\/\/chelidonia.com\/fr\/wp-json\/wp\/v2\/users\/1"}],"replies":[{"embeddable":true,"href":"https:\/\/chelidonia.com\/fr\/wp-json\/wp\/v2\/comments?post=18696"}],"version-history":[{"count":2,"href":"https:\/\/chelidonia.com\/fr\/wp-json\/wp\/v2\/pages\/18696\/revisions"}],"predecessor-version":[{"id":18701,"href":"https:\/\/chelidonia.com\/fr\/wp-json\/wp\/v2\/pages\/18696\/revisions\/18701"}],"wp:attachment":[{"href":"https:\/\/chelidonia.com\/fr\/wp-json\/wp\/v2\/media?parent=18696"}],"curies":[{"name":"wp","href":"https:\/\/api.w.org\/{rel}","templated":true}]}}