{"id":18018,"date":"2020-02-27T12:24:43","date_gmt":"2020-02-27T10:24:43","guid":{"rendered":"http:\/\/chelidonia.com\/sobre\/"},"modified":"2020-02-27T12:24:45","modified_gmt":"2020-02-27T10:24:45","slug":"sobre","status":"publish","type":"page","link":"https:\/\/chelidonia.com\/es\/sobre\/","title":{"rendered":"Sobre"},"content":{"rendered":"<div class=\"wpb-content-wrapper\"><p>[vc_row css_animation=\u00bb\u00bb row_type=\u00bbrow\u00bb use_row_as_full_screen_section=\u00bbno\u00bb type=\u00bbgrid\u00bb angled_section=\u00bbno\u00bb text_align=\u00bbleft\u00bb background_image_as_pattern=\u00bbwithout_pattern\u00bb z_index=\u00bb\u00bb css=\u00bb.vc_custom_1523867103328{margin-top: 100px !important;}\u00bb][vc_column]<div id=\"ultimate-heading-361969e79519d5b6e\" class=\"uvc-heading ult-adjust-bottom-margin ultimate-heading-361969e79519d5b6e uvc-5657 \" data-hspacer=\"line_only\"  data-halign=\"center\" style=\"text-align:center\"><div class=\"uvc-main-heading ult-responsive\"  data-ultimate-target='.uvc-heading.ultimate-heading-361969e79519d5b6e h1'  data-responsive-json-new='{\"font-size\":\"desktop:48px;\",\"line-height\":\"\"}' ><h1 style=\"font-family:&#039;Quicksand&#039;;font-weight:300;margin-top:50px;margin-bottom:25px;\">Sobre Chelidonia<\/h1><\/div><div class=\"uvc-heading-spacer line_only\" style=\"margin-top:25px;margin-bottom:50px;height:1px;\"><span class=\"uvc-headings-line\" style=\"border-style:solid;border-bottom-width:1px;border-color:#ccc;width:autopx;\"><\/span><\/div><\/div>[\/vc_column][\/vc_row][vc_row css_animation=\u00bb\u00bb row_type=\u00bbrow\u00bb use_row_as_full_screen_section=\u00bbno\u00bb type=\u00bbgrid\u00bb angled_section=\u00bbno\u00bb text_align=\u00bbleft\u00bb background_image_as_pattern=\u00bbwithout_pattern\u00bb z_index=\u00bb\u00bb css=\u00bb.vc_custom_1518967997223{margin-top: 100px !important;margin-bottom: 100px !important;}\u00bb][vc_column width=\u00bb1\/2&#8243;][vc_column_text]<b>Villas Chelidonia est\u00e1 dirigido por sus propietarios, la familia de Triantafyllos Pitsikalis.<\/b> Nuestro clan est\u00e1 asentado en Bah\u00eda de Chelidonia por lo menos desde hace \u200b<b>ocho generaciones<\/b>. Creemos firmemente que este barrio encantador y pr\u00edstino en el coraz\u00f3n de Oia tiene que\u200b <b>mantenerse tal y como ha estado durante siglos.<\/b><\/p>\n<p>&nbsp;<\/p>\n<p>Por favor, lean la <a class=\"internlink\" href=\"https:\/\/chelidonia.com\/es\/historia\/\">historia de Chelidonia.<\/a><\/p>\n<p>&nbsp;<\/p>\n<p>La mayor\u00eda de los edificios de Chelidonia <b>pertenec\u00edan\u200b anteriormente<\/b> a miembros de la familia\u200b y a otros parientes. Despu\u00e9s de unos humildes comienzos en 1979, hemos seguido mejorando constantemente las villas y ampliando el conjunto a\u00f1o tras a\u00f1o. La \u00faltima tarea realizada fue la reconstrucci\u00f3n de la casa donde hab\u00eda vivido la bisabuela de Triantafyllos.<\/p>\n<p>&nbsp;<\/p>\n<p>Nuestra idea principal ha sido siempre <b>ofrecer hogares aut\u00e9nticos\u200b<\/b> a nuestros hu\u00e9spedes. Todas las villas hab\u00edan sido verdaderos hogares antes, albergando entonces grandes familias. Desde fuera han permanecido iguales, pero dentro todo se corresponde con <b>est\u00e1ndares de lujo<\/b>.[\/vc_column_text][\/vc_column][vc_column width=\u00bb1\/2&#8243;]<div tabindex=\"0\" class=\"ult-new-ib ult-ib-effect-style1  ult-ib-resp  \" data-min-width=\"768\" data-max-width=\"900\" style=\"background:#a6bbcd;\" data-opacity=\"1\" data-hover-opacity=\"0.5\" ><img class=\"ult-new-ib-img\" style=\"opacity:1;\" alt=\"null\" src=\"https:\/\/chelidonia.com\/wp-content\/uploads\/2019\/12\/photo-Reception.jpg\"   \/><div id=\"interactive-banner-wrap-6270\" class=\"ult-new-ib-desc\" style=\"\"><h2 class=\"ult-new-ib-title ult-responsive\"  data-ultimate-target='#interactive-banner-wrap-6270 .ult-new-ib-title'  data-responsive-json-new='{\"font-size\":\"desktop:28px;\",\"line-height\":\"desktop:28px;\"}'  style=\"font-family:&#039;Quicksand&#039;;font-weight:300;color:#ffffff;\">RECEPCI\u00d3N DE CHELIDONIA<\/h2><\/div><\/div>[\/vc_column][\/vc_row][vc_row row_type=\u00bbparallax\u00bb parallax_content_width=\u00bbfull_width\u00bb text_align=\u00bbcenter\u00bb full_screen_section_height=\u00bbyes\u00bb background_image=\u00bb16057&#8243; css=\u00bb.vc_custom_1518967960062{margin-top: 100px !important;margin-bottom: 100px !important;}\u00bb][vc_column][vc_empty_space height=\u00bb500px\u00bb][\/vc_column][\/vc_row]<\/p>\n<\/div>","protected":false},"excerpt":{"rendered":"<p>[vc_row css_animation=\u00bb\u00bb row_type=\u00bbrow\u00bb use_row_as_full_screen_section=\u00bbno\u00bb type=\u00bbgrid\u00bb angled_section=\u00bbno\u00bb text_align=\u00bbleft\u00bb background_image_as_pattern=\u00bbwithout_pattern\u00bb z_index=\u00bb\u00bb css=\u00bb.vc_custom_1523867103328{margin-top: 100px !important;}\u00bb][vc_column][\/vc_column][\/vc_row][vc_row css_animation=\u00bb\u00bb row_type=\u00bbrow\u00bb use_row_as_full_screen_section=\u00bbno\u00bb type=\u00bbgrid\u00bb angled_section=\u00bbno\u00bb text_align=\u00bbleft\u00bb background_image_as_pattern=\u00bbwithout_pattern\u00bb z_index=\u00bb\u00bb css=\u00bb.vc_custom_1518967997223{margin-top: 100px !important;margin-bottom: 100px !important;}\u00bb][vc_column width=\u00bb1\/2&#8243;][vc_column_text]Villas Chelidonia est\u00e1 dirigido por sus propietarios, la familia de Triantafyllos Pitsikalis. Nuestro clan est\u00e1 asentado en Bah\u00eda de Chelidonia&#8230;<\/p>\n","protected":false},"author":1,"featured_media":0,"parent":0,"menu_order":0,"comment_status":"closed","ping_status":"closed","template":"full_width.php","meta":[],"yoast_head":"<!-- This site is optimized with the Yoast SEO plugin v21.0 - https:\/\/yoast.com\/wordpress\/plugins\/seo\/ -->\n<title>Sobre - Chelidonia Villas &amp; Suites<\/title>\n<meta name=\"robots\" content=\"index, follow, max-snippet:-1, max-image-preview:large, max-video-preview:-1\" \/>\n<link rel=\"canonical\" href=\"https:\/\/chelidonia.com\/es\/sobre\/\" \/>\n<meta property=\"og:locale\" content=\"es_ES\" \/>\n<meta property=\"og:type\" content=\"article\" \/>\n<meta property=\"og:title\" content=\"Sobre - Chelidonia Villas &amp; Suites\" \/>\n<meta property=\"og:description\" content=\"[vc_row css_animation=\u00bb\u00bb row_type=\u00bbrow\u00bb use_row_as_full_screen_section=\u00bbno\u00bb type=\u00bbgrid\u00bb angled_section=\u00bbno\u00bb text_align=\u00bbleft\u00bb background_image_as_pattern=\u00bbwithout_pattern\u00bb z_index=\u00bb\u00bb css=\u00bb.vc_custom_1523867103328{margin-top: 100px !important;}\u00bb][vc_column][\/vc_column][\/vc_row][vc_row css_animation=\u00bb\u00bb row_type=\u00bbrow\u00bb use_row_as_full_screen_section=\u00bbno\u00bb type=\u00bbgrid\u00bb angled_section=\u00bbno\u00bb text_align=\u00bbleft\u00bb background_image_as_pattern=\u00bbwithout_pattern\u00bb z_index=\u00bb\u00bb css=\u00bb.vc_custom_1518967997223{margin-top: 100px !important;margin-bottom: 100px !important;}\u00bb][vc_column width=\u00bb1\/2&#8243;][vc_column_text]Villas Chelidonia est\u00e1 dirigido por sus propietarios, la familia de Triantafyllos Pitsikalis. Nuestro clan est\u00e1 asentado en Bah\u00eda de Chelidonia...\" \/>\n<meta property=\"og:url\" content=\"https:\/\/chelidonia.com\/es\/sobre\/\" \/>\n<meta property=\"og:site_name\" content=\"Chelidonia Villas &amp; Suites\" \/>\n<meta property=\"article:modified_time\" content=\"2020-02-27T10:24:45+00:00\" \/>\n<meta name=\"twitter:card\" content=\"summary_large_image\" \/>\n<meta name=\"twitter:label1\" content=\"Tiempo de lectura\" \/>\n\t<meta name=\"twitter:data1\" content=\"2 minutos\" \/>\n<script type=\"application\/ld+json\" class=\"yoast-schema-graph\">{\"@context\":\"https:\/\/schema.org\",\"@graph\":[{\"@type\":\"WebPage\",\"@id\":\"https:\/\/chelidonia.com\/es\/sobre\/\",\"url\":\"https:\/\/chelidonia.com\/es\/sobre\/\",\"name\":\"Sobre - Chelidonia Villas &amp; Suites\",\"isPartOf\":{\"@id\":\"https:\/\/chelidonia.com\/#website\"},\"datePublished\":\"2020-02-27T10:24:43+00:00\",\"dateModified\":\"2020-02-27T10:24:45+00:00\",\"breadcrumb\":{\"@id\":\"https:\/\/chelidonia.com\/es\/sobre\/#breadcrumb\"},\"inLanguage\":\"es\",\"potentialAction\":[{\"@type\":\"ReadAction\",\"target\":[\"https:\/\/chelidonia.com\/es\/sobre\/\"]}]},{\"@type\":\"BreadcrumbList\",\"@id\":\"https:\/\/chelidonia.com\/es\/sobre\/#breadcrumb\",\"itemListElement\":[{\"@type\":\"ListItem\",\"position\":1,\"name\":\"Home\",\"item\":\"https:\/\/chelidonia.com\/es\/\"},{\"@type\":\"ListItem\",\"position\":2,\"name\":\"Sobre\"}]},{\"@type\":\"WebSite\",\"@id\":\"https:\/\/chelidonia.com\/#website\",\"url\":\"https:\/\/chelidonia.com\/\",\"name\":\"Chelidonia Villas &amp; Suites\",\"description\":\"Luxury Suites &amp; Traditional Villas\",\"potentialAction\":[{\"@type\":\"SearchAction\",\"target\":{\"@type\":\"EntryPoint\",\"urlTemplate\":\"https:\/\/chelidonia.com\/?s={search_term_string}\"},\"query-input\":\"required name=search_term_string\"}],\"inLanguage\":\"es\"}]}<\/script>\n<!-- \/ Yoast SEO plugin. -->","yoast_head_json":{"title":"Sobre - Chelidonia Villas &amp; Suites","robots":{"index":"index","follow":"follow","max-snippet":"max-snippet:-1","max-image-preview":"max-image-preview:large","max-video-preview":"max-video-preview:-1"},"canonical":"https:\/\/chelidonia.com\/es\/sobre\/","og_locale":"es_ES","og_type":"article","og_title":"Sobre - Chelidonia Villas &amp; Suites","og_description":"[vc_row css_animation=\u00bb\u00bb row_type=\u00bbrow\u00bb use_row_as_full_screen_section=\u00bbno\u00bb type=\u00bbgrid\u00bb angled_section=\u00bbno\u00bb text_align=\u00bbleft\u00bb background_image_as_pattern=\u00bbwithout_pattern\u00bb z_index=\u00bb\u00bb css=\u00bb.vc_custom_1523867103328{margin-top: 100px !important;}\u00bb][vc_column][\/vc_column][\/vc_row][vc_row css_animation=\u00bb\u00bb row_type=\u00bbrow\u00bb use_row_as_full_screen_section=\u00bbno\u00bb type=\u00bbgrid\u00bb angled_section=\u00bbno\u00bb text_align=\u00bbleft\u00bb background_image_as_pattern=\u00bbwithout_pattern\u00bb z_index=\u00bb\u00bb css=\u00bb.vc_custom_1518967997223{margin-top: 100px !important;margin-bottom: 100px !important;}\u00bb][vc_column width=\u00bb1\/2&#8243;][vc_column_text]Villas Chelidonia est\u00e1 dirigido por sus propietarios, la familia de Triantafyllos Pitsikalis. Nuestro clan est\u00e1 asentado en Bah\u00eda de Chelidonia...","og_url":"https:\/\/chelidonia.com\/es\/sobre\/","og_site_name":"Chelidonia Villas &amp; Suites","article_modified_time":"2020-02-27T10:24:45+00:00","twitter_card":"summary_large_image","twitter_misc":{"Tiempo de lectura":"2 minutos"},"schema":{"@context":"https:\/\/schema.org","@graph":[{"@type":"WebPage","@id":"https:\/\/chelidonia.com\/es\/sobre\/","url":"https:\/\/chelidonia.com\/es\/sobre\/","name":"Sobre - Chelidonia Villas &amp; Suites","isPartOf":{"@id":"https:\/\/chelidonia.com\/#website"},"datePublished":"2020-02-27T10:24:43+00:00","dateModified":"2020-02-27T10:24:45+00:00","breadcrumb":{"@id":"https:\/\/chelidonia.com\/es\/sobre\/#breadcrumb"},"inLanguage":"es","potentialAction":[{"@type":"ReadAction","target":["https:\/\/chelidonia.com\/es\/sobre\/"]}]},{"@type":"BreadcrumbList","@id":"https:\/\/chelidonia.com\/es\/sobre\/#breadcrumb","itemListElement":[{"@type":"ListItem","position":1,"name":"Home","item":"https:\/\/chelidonia.com\/es\/"},{"@type":"ListItem","position":2,"name":"Sobre"}]},{"@type":"WebSite","@id":"https:\/\/chelidonia.com\/#website","url":"https:\/\/chelidonia.com\/","name":"Chelidonia Villas &amp; Suites","description":"Luxury Suites &amp; Traditional Villas","potentialAction":[{"@type":"SearchAction","target":{"@type":"EntryPoint","urlTemplate":"https:\/\/chelidonia.com\/?s={search_term_string}"},"query-input":"required name=search_term_string"}],"inLanguage":"es"}]}},"_links":{"self":[{"href":"https:\/\/chelidonia.com\/es\/wp-json\/wp\/v2\/pages\/18018"}],"collection":[{"href":"https:\/\/chelidonia.com\/es\/wp-json\/wp\/v2\/pages"}],"about":[{"href":"https:\/\/chelidonia.com\/es\/wp-json\/wp\/v2\/types\/page"}],"author":[{"embeddable":true,"href":"https:\/\/chelidonia.com\/es\/wp-json\/wp\/v2\/users\/1"}],"replies":[{"embeddable":true,"href":"https:\/\/chelidonia.com\/es\/wp-json\/wp\/v2\/comments?post=18018"}],"version-history":[{"count":1,"href":"https:\/\/chelidonia.com\/es\/wp-json\/wp\/v2\/pages\/18018\/revisions"}],"predecessor-version":[{"id":18019,"href":"https:\/\/chelidonia.com\/es\/wp-json\/wp\/v2\/pages\/18018\/revisions\/18019"}],"wp:attachment":[{"href":"https:\/\/chelidonia.com\/es\/wp-json\/wp\/v2\/media?parent=18018"}],"curies":[{"name":"wp","href":"https:\/\/api.w.org\/{rel}","templated":true}]}}