{"id":17890,"date":"2020-02-08T14:31:38","date_gmt":"2020-02-08T12:31:38","guid":{"rendered":"http:\/\/chelidonia.com\/politica-de-privacidad\/"},"modified":"2020-03-09T13:21:15","modified_gmt":"2020-03-09T11:21:15","slug":"politica-de-privacidad","status":"publish","type":"page","link":"https:\/\/chelidonia.com\/es\/politica-de-privacidad\/","title":{"rendered":"Pol\u00edtica de Privacidad"},"content":{"rendered":"<div class=\"wpb-content-wrapper\"><p>[vc_row css_animation=\u00bb\u00bb row_type=\u00bbrow\u00bb use_row_as_full_screen_section=\u00bbno\u00bb type=\u00bbfull_width\u00bb angled_section=\u00bbno\u00bb text_align=\u00bbleft\u00bb background_image_as_pattern=\u00bbwithout_pattern\u00bb][vc_column]<div id=\"ultimate-heading-805569e796863ac25\" class=\"uvc-heading ult-adjust-bottom-margin ultimate-heading-805569e796863ac25 uvc-9888 \" data-hspacer=\"line_only\"  data-halign=\"center\" style=\"text-align:center\"><div class=\"uvc-main-heading ult-responsive\"  data-ultimate-target='.uvc-heading.ultimate-heading-805569e796863ac25 h1'  data-responsive-json-new='{\"font-size\":\"desktop:48px;\",\"line-height\":\"\"}' ><h1 style=\"font-family:&#039;Quicksand&#039;;font-weight:300;margin-top:50px;margin-bottom:25px;\">Pol\u00edtica de Privacidad<\/h1><\/div><div class=\"uvc-heading-spacer line_only\" style=\"margin-top:25px;margin-bottom:50px;height:1px;\"><span class=\"uvc-headings-line\" style=\"border-style:solid;border-bottom-width:1px;border-color:#ccc;width:autopx;\"><\/span><\/div><\/div>[\/vc_column][\/vc_row][vc_row css_animation=\u00bb\u00bb row_type=\u00bbrow\u00bb use_row_as_full_screen_section=\u00bbno\u00bb type=\u00bbfull_width\u00bb angled_section=\u00bbno\u00bb text_align=\u00bbleft\u00bb background_image_as_pattern=\u00bbwithout_pattern\u00bb][vc_column][vc_column_text]Estimados visitantes<\/p>\n<p>&nbsp;<\/p>\n<p>Este sitio web cumple totalmente con las nuevas Leyes Europeas de Protecci\u00f3n de Datos. No rastreamos y no hay servicios de terceros integrados en este sitio web, excepto la herramienta de reserva webhotelier (v\u00e9ase m\u00e1s abajo). Usamos cookies s\u00f3lo para mejorar la experiencia del usuario en nuestro sitio web. El equipo web de Chelidonia s\u00f3lo lleva estad\u00edsticas por razones meramente t\u00e9cnicas para identificar errores, prevenir malfuncionamientos o defenderse contra posibles ataques cibern\u00e9ticos. Las direcciones IP contenidas en estas estad\u00edsticas no se usar\u00e1n para ning\u00fan otro fin y se borran cada mes. Su visita al sitio web Chelidonia.com est\u00e1 protegida por una conexi\u00f3n encriptada https. Nuestros servidores funcionan con Linux y est\u00e1n ubicados en un centro de datos de alta seguridad en Alemania.<\/p>\n<p>&nbsp;<\/p>\n<p>Datos de reserva, correo electr\u00f3nico<\/p>\n<p>&nbsp;<\/p>\n<p>La herramienta de reserva de Chelidonia usa la infraestructura de webhotelier.net. Por favor, consulten su pol\u00edtica de privacidad. Webhotelier.net tiene su base enChipre y por lo tanto, tambi\u00e9n est\u00e1 sujeto a la las Leyes Europeas de Protecci\u00f3n de Datos. Por nuestra parte, tratamos los datos de su reserva con m\u00e1xima discreci\u00f3n. Usamos estos datos s\u00f3lo para poder prestar y perfeccionar nuestros servicios. Por<br \/>\nsupuesto, no compartimos sus datos con terceros.<\/p>\n<p>&nbsp;<\/p>\n<p>Adem\u00e1s, habitualmente una vez al a\u00f1o, mandaremos un correo electr\u00f3nico a los hu\u00e9spedes que han permanecido en el Chelidonia para enviarles una felicitaci\u00f3n de Navidad e informarles sobre nuevas ofertas de Chelidonia. Podr\u00e1 cancelar la suscripci\u00f3n a este servicio en cualquier momento, mandando simplemente un correo electr\u00f3nico con el asunto \u201ccancelar suscripci\u00f3n\u201d a \u200b<a class=\"moz-txt-link-abbreviated\" href=\"mailto:info@chelidonia.com\">info@chelidonia.com<\/a>. Este servicio es prestado por el equipo web de Chelidonia, no hay terceros involucrados.<\/p>\n<p>&nbsp;<\/p>\n<p>Chelidonia en Redes Sociales<\/p>\n<p>&nbsp;<\/p>\n<p>Chelidonia mantiene una presencia en Facebook, pero no hay servicios de<br \/>\nFacebook integrados en el sitio web de Chelidonia.<\/p>\n<p>&nbsp;<\/p>\n<p>Todas las caracter\u00edsticas de privacidad de Chelidonia descritas en lo que precede, ya hab\u00edan sido introducidos muchas a\u00f1os antes de que las nuevas Leyes Europeas de Protecci\u00f3n de Datos entraran en vigor. Nosotros siempre hemos considerado la privacidad de nuestros clientes uno de los valores m\u00e1s importantes de nuestro negocio.[\/vc_column_text][\/vc_column][\/vc_row]<\/p>\n<\/div>","protected":false},"excerpt":{"rendered":"<p>[vc_row css_animation=\u00bb\u00bb row_type=\u00bbrow\u00bb use_row_as_full_screen_section=\u00bbno\u00bb type=\u00bbfull_width\u00bb angled_section=\u00bbno\u00bb text_align=\u00bbleft\u00bb background_image_as_pattern=\u00bbwithout_pattern\u00bb][vc_column][\/vc_column][\/vc_row][vc_row css_animation=\u00bb\u00bb row_type=\u00bbrow\u00bb use_row_as_full_screen_section=\u00bbno\u00bb type=\u00bbfull_width\u00bb angled_section=\u00bbno\u00bb text_align=\u00bbleft\u00bb background_image_as_pattern=\u00bbwithout_pattern\u00bb][vc_column][vc_column_text]Estimados visitantes &nbsp; Este sitio web cumple totalmente con las nuevas Leyes Europeas de Protecci\u00f3n de Datos. No rastreamos y no hay servicios de terceros integrados en este sitio web, excepto&#8230;<\/p>\n","protected":false},"author":1,"featured_media":0,"parent":0,"menu_order":0,"comment_status":"closed","ping_status":"closed","template":"","meta":[],"yoast_head":"<!-- This site is optimized with the Yoast SEO plugin v21.0 - https:\/\/yoast.com\/wordpress\/plugins\/seo\/ -->\n<title>Pol\u00edtica de Privacidad - Chelidonia Villas &amp; Suites<\/title>\n<meta name=\"robots\" content=\"index, follow, max-snippet:-1, max-image-preview:large, max-video-preview:-1\" \/>\n<link rel=\"canonical\" href=\"https:\/\/chelidonia.com\/es\/politica-de-privacidad\/\" \/>\n<meta property=\"og:locale\" content=\"es_ES\" \/>\n<meta property=\"og:type\" content=\"article\" \/>\n<meta property=\"og:title\" content=\"Pol\u00edtica de Privacidad - Chelidonia Villas &amp; Suites\" \/>\n<meta property=\"og:description\" content=\"[vc_row css_animation=\u00bb\u00bb row_type=\u00bbrow\u00bb use_row_as_full_screen_section=\u00bbno\u00bb type=\u00bbfull_width\u00bb angled_section=\u00bbno\u00bb text_align=\u00bbleft\u00bb background_image_as_pattern=\u00bbwithout_pattern\u00bb][vc_column][\/vc_column][\/vc_row][vc_row css_animation=\u00bb\u00bb row_type=\u00bbrow\u00bb use_row_as_full_screen_section=\u00bbno\u00bb type=\u00bbfull_width\u00bb angled_section=\u00bbno\u00bb text_align=\u00bbleft\u00bb background_image_as_pattern=\u00bbwithout_pattern\u00bb][vc_column][vc_column_text]Estimados visitantes &nbsp; Este sitio web cumple totalmente con las nuevas Leyes Europeas de Protecci\u00f3n de Datos. No rastreamos y no hay servicios de terceros integrados en este sitio web, excepto...\" \/>\n<meta property=\"og:url\" content=\"https:\/\/chelidonia.com\/es\/politica-de-privacidad\/\" \/>\n<meta property=\"og:site_name\" content=\"Chelidonia Villas &amp; Suites\" \/>\n<meta property=\"article:modified_time\" content=\"2020-03-09T11:21:15+00:00\" \/>\n<meta name=\"twitter:card\" content=\"summary_large_image\" \/>\n<meta name=\"twitter:label1\" content=\"Tiempo de lectura\" \/>\n\t<meta name=\"twitter:data1\" content=\"3 minutos\" \/>\n<script type=\"application\/ld+json\" class=\"yoast-schema-graph\">{\"@context\":\"https:\/\/schema.org\",\"@graph\":[{\"@type\":\"WebPage\",\"@id\":\"https:\/\/chelidonia.com\/es\/politica-de-privacidad\/\",\"url\":\"https:\/\/chelidonia.com\/es\/politica-de-privacidad\/\",\"name\":\"Pol\u00edtica de Privacidad - Chelidonia Villas &amp; Suites\",\"isPartOf\":{\"@id\":\"https:\/\/chelidonia.com\/#website\"},\"datePublished\":\"2020-02-08T12:31:38+00:00\",\"dateModified\":\"2020-03-09T11:21:15+00:00\",\"breadcrumb\":{\"@id\":\"https:\/\/chelidonia.com\/es\/politica-de-privacidad\/#breadcrumb\"},\"inLanguage\":\"es\",\"potentialAction\":[{\"@type\":\"ReadAction\",\"target\":[\"https:\/\/chelidonia.com\/es\/politica-de-privacidad\/\"]}]},{\"@type\":\"BreadcrumbList\",\"@id\":\"https:\/\/chelidonia.com\/es\/politica-de-privacidad\/#breadcrumb\",\"itemListElement\":[{\"@type\":\"ListItem\",\"position\":1,\"name\":\"Home\",\"item\":\"https:\/\/chelidonia.com\/es\/\"},{\"@type\":\"ListItem\",\"position\":2,\"name\":\"Pol\u00edtica de Privacidad\"}]},{\"@type\":\"WebSite\",\"@id\":\"https:\/\/chelidonia.com\/#website\",\"url\":\"https:\/\/chelidonia.com\/\",\"name\":\"Chelidonia Villas &amp; Suites\",\"description\":\"Luxury Suites &amp; Traditional Villas\",\"potentialAction\":[{\"@type\":\"SearchAction\",\"target\":{\"@type\":\"EntryPoint\",\"urlTemplate\":\"https:\/\/chelidonia.com\/?s={search_term_string}\"},\"query-input\":\"required name=search_term_string\"}],\"inLanguage\":\"es\"}]}<\/script>\n<!-- \/ Yoast SEO plugin. -->","yoast_head_json":{"title":"Pol\u00edtica de Privacidad - Chelidonia Villas &amp; Suites","robots":{"index":"index","follow":"follow","max-snippet":"max-snippet:-1","max-image-preview":"max-image-preview:large","max-video-preview":"max-video-preview:-1"},"canonical":"https:\/\/chelidonia.com\/es\/politica-de-privacidad\/","og_locale":"es_ES","og_type":"article","og_title":"Pol\u00edtica de Privacidad - Chelidonia Villas &amp; Suites","og_description":"[vc_row css_animation=\u00bb\u00bb row_type=\u00bbrow\u00bb use_row_as_full_screen_section=\u00bbno\u00bb type=\u00bbfull_width\u00bb angled_section=\u00bbno\u00bb text_align=\u00bbleft\u00bb background_image_as_pattern=\u00bbwithout_pattern\u00bb][vc_column][\/vc_column][\/vc_row][vc_row css_animation=\u00bb\u00bb row_type=\u00bbrow\u00bb use_row_as_full_screen_section=\u00bbno\u00bb type=\u00bbfull_width\u00bb angled_section=\u00bbno\u00bb text_align=\u00bbleft\u00bb background_image_as_pattern=\u00bbwithout_pattern\u00bb][vc_column][vc_column_text]Estimados visitantes &nbsp; Este sitio web cumple totalmente con las nuevas Leyes Europeas de Protecci\u00f3n de Datos. No rastreamos y no hay servicios de terceros integrados en este sitio web, excepto...","og_url":"https:\/\/chelidonia.com\/es\/politica-de-privacidad\/","og_site_name":"Chelidonia Villas &amp; Suites","article_modified_time":"2020-03-09T11:21:15+00:00","twitter_card":"summary_large_image","twitter_misc":{"Tiempo de lectura":"3 minutos"},"schema":{"@context":"https:\/\/schema.org","@graph":[{"@type":"WebPage","@id":"https:\/\/chelidonia.com\/es\/politica-de-privacidad\/","url":"https:\/\/chelidonia.com\/es\/politica-de-privacidad\/","name":"Pol\u00edtica de Privacidad - Chelidonia Villas &amp; Suites","isPartOf":{"@id":"https:\/\/chelidonia.com\/#website"},"datePublished":"2020-02-08T12:31:38+00:00","dateModified":"2020-03-09T11:21:15+00:00","breadcrumb":{"@id":"https:\/\/chelidonia.com\/es\/politica-de-privacidad\/#breadcrumb"},"inLanguage":"es","potentialAction":[{"@type":"ReadAction","target":["https:\/\/chelidonia.com\/es\/politica-de-privacidad\/"]}]},{"@type":"BreadcrumbList","@id":"https:\/\/chelidonia.com\/es\/politica-de-privacidad\/#breadcrumb","itemListElement":[{"@type":"ListItem","position":1,"name":"Home","item":"https:\/\/chelidonia.com\/es\/"},{"@type":"ListItem","position":2,"name":"Pol\u00edtica de Privacidad"}]},{"@type":"WebSite","@id":"https:\/\/chelidonia.com\/#website","url":"https:\/\/chelidonia.com\/","name":"Chelidonia Villas &amp; Suites","description":"Luxury Suites &amp; Traditional Villas","potentialAction":[{"@type":"SearchAction","target":{"@type":"EntryPoint","urlTemplate":"https:\/\/chelidonia.com\/?s={search_term_string}"},"query-input":"required name=search_term_string"}],"inLanguage":"es"}]}},"_links":{"self":[{"href":"https:\/\/chelidonia.com\/es\/wp-json\/wp\/v2\/pages\/17890"}],"collection":[{"href":"https:\/\/chelidonia.com\/es\/wp-json\/wp\/v2\/pages"}],"about":[{"href":"https:\/\/chelidonia.com\/es\/wp-json\/wp\/v2\/types\/page"}],"author":[{"embeddable":true,"href":"https:\/\/chelidonia.com\/es\/wp-json\/wp\/v2\/users\/1"}],"replies":[{"embeddable":true,"href":"https:\/\/chelidonia.com\/es\/wp-json\/wp\/v2\/comments?post=17890"}],"version-history":[{"count":2,"href":"https:\/\/chelidonia.com\/es\/wp-json\/wp\/v2\/pages\/17890\/revisions"}],"predecessor-version":[{"id":18033,"href":"https:\/\/chelidonia.com\/es\/wp-json\/wp\/v2\/pages\/17890\/revisions\/18033"}],"wp:attachment":[{"href":"https:\/\/chelidonia.com\/es\/wp-json\/wp\/v2\/media?parent=17890"}],"curies":[{"name":"wp","href":"https:\/\/api.w.org\/{rel}","templated":true}]}}