{"id":15849,"date":"2018-02-18T12:44:08","date_gmt":"2018-02-18T10:44:08","guid":{"rendered":"http:\/\/chelidonia.com\/?page_id=15849"},"modified":"2020-03-09T13:21:50","modified_gmt":"2020-03-09T11:21:50","slug":"historia","status":"publish","type":"page","link":"https:\/\/chelidonia.com\/es\/historia\/","title":{"rendered":"Historia"},"content":{"rendered":"<div class=\"wpb-content-wrapper\"><p>[vc_row css_animation=\u00bb\u00bb row_type=\u00bbrow\u00bb use_row_as_full_screen_section=\u00bbno\u00bb type=\u00bbfull_width\u00bb angled_section=\u00bbno\u00bb text_align=\u00bbleft\u00bb background_image_as_pattern=\u00bbwithout_pattern\u00bb css=\u00bb.vc_custom_1522259665564{margin-top: 100px !important;}\u00bb z_index=\u00bb\u00bb][vc_column]<div id=\"ultimate-heading-55569f40f7871092\" class=\"uvc-heading ult-adjust-bottom-margin ultimate-heading-55569f40f7871092 uvc-4730 \" data-hspacer=\"no_spacer\"  data-halign=\"center\" style=\"text-align:center\"><div class=\"uvc-heading-spacer no_spacer\" style=\"top\"><\/div><div class=\"uvc-main-heading ult-responsive\"  data-ultimate-target='.uvc-heading.ultimate-heading-55569f40f7871092 h1'  data-responsive-json-new='{\"font-size\":\"desktop:48px;\",\"line-height\":\"\"}' ><h1 style=\"font-weight:normal;margin-top:50px;margin-bottom:25px;\">Descubra la historia de Chelidonia<\/h1><\/div><\/div>[\/vc_column][\/vc_row][vc_row css_animation=\u00bb\u00bb row_type=\u00bbrow\u00bb use_row_as_full_screen_section=\u00bbno\u00bb type=\u00bbfull_width\u00bb angled_section=\u00bbno\u00bb text_align=\u00bbleft\u00bb background_image_as_pattern=\u00bbwithout_pattern\u00bb bg_type=\u00bbimage\u00bb parallax_style=\u00bbvcpb-vz-jquery\u00bb bg_image_new=\u00bbid^15736|url^https:\/\/chelidonia.com\/wp-content\/uploads\/2018\/02\/captain_web16.jpg|caption^null|alt^null|title^captain_web16|description^null\u00bb bg_image_repeat=\u00bbno-repeat\u00bb parallax_sense=\u00bb80&#8243; bg_override=\u00bbex-full\u00bb disable_on_mobile_img_parallax=\u00bbdisable_on_mobile_img_parallax_value\u00bb enable_overlay=\u00bbenable_overlay_value\u00bb overlay_color=\u00bbrgba(255,255,255,0.34)\u00bb z_index=\u00bb\u00bb css=\u00bb.vc_custom_1518957061553{margin-top: 25px !important;margin-bottom: 25px !important;}\u00bb][vc_column][vc_row_inner row_type=\u00bbrow\u00bb type=\u00bbgrid\u00bb text_align=\u00bbleft\u00bb css_animation=\u00bb\u00bb][vc_column_inner]<div class=\"jstime timeline_preloader\" style=\"opacity:0;width:35px;margin:auto;margin-top:30px;\"><img style=\"box-shadow:none;\" alt=\"timeline_pre_loader\" src=\"https:\/\/chelidonia.com\/wp-content\/plugins\/Ultimate_VC_Addons\/modules\/..\/assets\/img\/timeline_pre-loader.gif\" \/><\/div><div class=\"smile-icon-timeline-wrap jstime  timeline-custom-width tl-animation-shadow\" data-timeline-cutom-width=\"400\" data-time_sep_bg_color=&quot;#788da0&quot;  data-time_sep_color=&quot;#788da0&quot; style=\"opacity:0; \"><div class=\"timeline-line \" style=\"border-right-color:;\"><span><\/span><\/div><div class=\"timeline-wrapper\"><div class=\"timeline-block \"><div class=\"timeline-dot\"><\/div><div class=\"ult-timeline-arrow\"><s><\/s><l><\/l><\/div><div class=\"timeline-icon-block\"><div class=\"ult-timeline-icon tl-icon-no-bg\" style=\"   \"><\/div> <!-- icon --><\/div><div class=\"timeline-header-block\" >\n\t\t\t\t\t\t\t<div id=\"timeline-item-8383\" class=\"timeline-header\" style=\"\"><h3 class=\"ult-timeline-title ult-responsive\"  data-ultimate-target='#timeline-item-8383 .ult-timeline-title'  data-responsive-json-new='{\"font-size\":\"desktop:16px;\",\"line-height\":\"\"}'  style=\"font-family:&#039;Quicksand&#039;;font-weight:300;\"><\/h3><div class=\"ult-responsive timeline-item-spt\"  data-ultimate-target='#timeline-item-8383 .timeline-item-spt'  data-responsive-json-new='{\"font-size\":\"desktop:16px;\",\"line-height\":\"\"}'  style=\"font-family:&#039;Quicksand&#039;;font-weight:300;\"><img decoding=\"async\" loading=\"lazy\" class=\"size-medium wp-image-17041 aligncenter\" src=\"https:\/\/chelidonia.com\/wp-content\/uploads\/2018\/03\/chelidonia_history-300x199.png\" alt=\"\" width=\"300\" height=\"199\" srcset=\"https:\/\/chelidonia.com\/wp-content\/uploads\/2018\/03\/chelidonia_history-300x199.png 300w, https:\/\/chelidonia.com\/wp-content\/uploads\/2018\/03\/chelidonia_history.png 380w\" sizes=\"(max-width: 300px) 100vw, 300px\" \/><\/p>\n<p>Esta\u200b <b>vista a\u00e9rea tomada alrededor de 1940<\/b> muestra el centro de Bah\u00eda de Chelidonia. El edificio blanco\u200b arqueado\u200b situado en el lado derecho de la foto es ahora la <b>\u200brecepci\u00f3n de Chelidonia Villas<\/b>.\u200b Justo debajo se encuentran nuestras dos villas superiores.\u200b En una de ellas naci\u00f3 el propietario actual.<\/div><\/div> <!-- header --><\/div><\/div><div class=\"timeline-block \"><div class=\"timeline-dot\"><\/div><div class=\"ult-timeline-arrow\"><s><\/s><l><\/l><\/div><div class=\"timeline-icon-block\"><div class=\"ult-timeline-icon tl-icon-no-bg\" style=\"   \"><\/div> <!-- icon --><\/div><div class=\"timeline-header-block\" >\n\t\t\t\t\t\t\t<div id=\"timeline-item-9700\" class=\"timeline-header\" style=\"\"><h3 class=\"ult-timeline-title ult-responsive\"  data-ultimate-target='#timeline-item-9700 .ult-timeline-title'  data-responsive-json-new='{\"font-size\":\"desktop:16px;\",\"line-height\":\"\"}'  style=\"font-family:&#039;Quicksand&#039;;font-weight:300;\"><\/h3><div class=\"ult-responsive timeline-item-spt\"  data-ultimate-target='#timeline-item-9700 .timeline-item-spt'  data-responsive-json-new='{\"font-size\":\"desktop:16px;\",\"line-height\":\"\"}'  style=\"font-family:&#039;Quicksand&#039;;font-weight:300;\">Lo que una vez fue la casa de la <b>bisabuela de Triantafyllos<\/b> es ahora nuestra \u200b<b>Suite Nupcial<\/b>. \u200bEl contrato de compraventa m\u00e1s antiguo que tenemos de una de las casas fue firmado \u200b<b>en 1864<\/b>.<\/p>\n<p><\/div><\/div> <!-- header --><\/div><\/div><div class=\"timeline-block \"><div class=\"timeline-dot\"><\/div><div class=\"ult-timeline-arrow\"><s><\/s><l><\/l><\/div><div class=\"timeline-icon-block\"><div class=\"ult-timeline-icon tl-icon-no-bg\" style=\"   \"><\/div> <!-- icon --><\/div><div class=\"timeline-header-block\" >\n\t\t\t\t\t\t\t<div id=\"timeline-item-2812\" class=\"timeline-header\" style=\"\"><h3 class=\"ult-timeline-title ult-responsive\"  data-ultimate-target='#timeline-item-2812 .ult-timeline-title'  data-responsive-json-new='{\"font-size\":\"desktop:16px;\",\"line-height\":\"\"}'  style=\"font-family:&#039;Quicksand&#039;;font-weight:300;\"><\/h3><div class=\"ult-responsive timeline-item-spt\"  data-ultimate-target='#timeline-item-2812 .timeline-item-spt'  data-responsive-json-new='{\"font-size\":\"desktop:16px;\",\"line-height\":\"\"}'  style=\"font-family:&#039;Quicksand&#039;;font-weight:300;\">El\u200b <b>poblado de Bah\u00eda de Chelidonia<\/b> como conjunto se remonta a la \u00e9poca de entre 1200 y 900 A.C., cuando Santorini fue recolonizada por los Espartanos. Las cuevas proporcionan un <b>espl\u00e9ndido aislamiento<\/b>\u200b &#8211; fresco en verano, c\u00e1lido en invierno. Desde las terrazas se puede observar <b>cualquier movimiento naval en toda la Caldera<\/b>.<\/div><\/div> <!-- header --><\/div><\/div><div class=\"timeline-block \"><div class=\"timeline-dot\"><\/div><div class=\"ult-timeline-arrow\"><s><\/s><l><\/l><\/div><div class=\"timeline-icon-block\"><div class=\"ult-timeline-icon tl-icon-no-bg\" style=\"   \"><\/div> <!-- icon --><\/div><div class=\"timeline-header-block\" >\n\t\t\t\t\t\t\t<div id=\"timeline-item-8058\" class=\"timeline-header\" style=\"\"><h3 class=\"ult-timeline-title ult-responsive\"  data-ultimate-target='#timeline-item-8058 .ult-timeline-title'  data-responsive-json-new='{\"font-size\":\"desktop:16px;\",\"line-height\":\"\"}'  style=\"font-family:&#039;Quicksand&#039;;font-weight:300;\"><\/h3><div class=\"ult-responsive timeline-item-spt\"  data-ultimate-target='#timeline-item-8058 .timeline-item-spt'  data-responsive-json-new='{\"font-size\":\"desktop:16px;\",\"line-height\":\"\"}'  style=\"font-family:&#039;Quicksand&#039;;font-weight:300;\">Durante el <b>terremoto en 1956\u200b<\/b> la casa grande en la cima de la bah\u00eda se derrumb\u00f3, al igual que otros edificios de lujo con techos planos. <b>La casa \u200barqueada\u200b y las casas cueva de los oisanos corrientes\u200b r\u200b esistieron todas<\/b>. Ir\u00f3nicamente los da\u00f1os fueron ocasionados despu\u00e9s cuando los equipos de rescate echaron todos los escombros hacia abajo desde la calle principal.<\/div><\/div> <!-- header --><\/div><\/div><div class=\"timeline-block \"><div class=\"timeline-dot\"><\/div><div class=\"ult-timeline-arrow\"><s><\/s><l><\/l><\/div><div class=\"timeline-icon-block\"><div class=\"ult-timeline-icon tl-icon-no-bg\" style=\"   \"><\/div> <!-- icon --><\/div><div class=\"timeline-header-block\" >\n\t\t\t\t\t\t\t<div id=\"timeline-item-2763\" class=\"timeline-header\" style=\"\"><h3 class=\"ult-timeline-title ult-responsive\"  data-ultimate-target='#timeline-item-2763 .ult-timeline-title'  data-responsive-json-new='{\"font-size\":\"desktop:16px;\",\"line-height\":\"\"}'  style=\"font-family:&#039;Quicksand&#039;;font-weight:300;\"><\/h3><div class=\"ult-responsive timeline-item-spt\"  data-ultimate-target='#timeline-item-2763 .timeline-item-spt'  data-responsive-json-new='{\"font-size\":\"desktop:16px;\",\"line-height\":\"\"}'  style=\"font-family:&#039;Quicksand&#039;;font-weight:300;\">Desde <b>1956 Bah\u00eda de Chelidonia permaneci\u00f3 desierta\u200b<\/b> hasta que nosotros empezamos nuestro negocio aqu\u00ed en 1979. Para ello, tuvimos que <b>excavar las casas\u200b<\/b> primero.<\/p>\n<p><\/div><\/div> <!-- header --><\/div><\/div><div class=\"timeline-block \"><div class=\"timeline-dot\"><\/div><div class=\"ult-timeline-arrow\"><s><\/s><l><\/l><\/div><div class=\"timeline-icon-block\"><div class=\"ult-timeline-icon tl-icon-no-bg\" style=\"   \"><\/div> <!-- icon --><\/div><div class=\"timeline-header-block\" >\n\t\t\t\t\t\t\t<div id=\"timeline-item-9916\" class=\"timeline-header\" style=\"\"><h3 class=\"ult-timeline-title ult-responsive\"  data-ultimate-target='#timeline-item-9916 .ult-timeline-title'  data-responsive-json-new='{\"font-size\":\"desktop:16px;\",\"line-height\":\"\"}'  style=\"font-family:&#039;Quicksand&#039;;font-weight:300;\"><\/h3><div class=\"ult-responsive timeline-item-spt\"  data-ultimate-target='#timeline-item-9916 .timeline-item-spt'  data-responsive-json-new='{\"font-size\":\"desktop:16px;\",\"line-height\":\"\"}'  style=\"font-family:&#039;Quicksand&#039;;font-weight:300;\">Ahora, Bah\u00eda de Chelidonia deber\u00eda volver a ser tal como \u200b <b>nuestros antepasados Nicolas Pitsikalis y Kapetan Manalis<\/b> \u200bla percibieron. Manalis fue desterrado por contrabandista en 1890 y unos a\u00f1os despu\u00e9s estuvo en una misi\u00f3n oficial\u200b <b>haciendo contrabando de dinero para luchadores de la resistencia cretense<\/b>\u200b contra los turcos. En los archivos de la Iglesia Cat\u00f3lica en Thira figura un tal Nicolas Pitsikalis como \u201ccapit\u00e1n de su propio barco\u201d <b>ya en 1628<\/b>.<\/div><\/div> <!-- header --><\/div><\/div><\/div><\/div>[\/vc_column_inner][\/vc_row_inner][\/vc_column][\/vc_row]<\/p>\n<\/div>","protected":false},"excerpt":{"rendered":"<p>[vc_row css_animation=\u00bb\u00bb row_type=\u00bbrow\u00bb use_row_as_full_screen_section=\u00bbno\u00bb type=\u00bbfull_width\u00bb angled_section=\u00bbno\u00bb text_align=\u00bbleft\u00bb background_image_as_pattern=\u00bbwithout_pattern\u00bb css=\u00bb.vc_custom_1522259665564{margin-top: 100px !important;}\u00bb z_index=\u00bb\u00bb][vc_column][\/vc_column][\/vc_row][vc_row css_animation=\u00bb\u00bb row_type=\u00bbrow\u00bb use_row_as_full_screen_section=\u00bbno\u00bb type=\u00bbfull_width\u00bb angled_section=\u00bbno\u00bb text_align=\u00bbleft\u00bb background_image_as_pattern=\u00bbwithout_pattern\u00bb bg_type=\u00bbimage\u00bb parallax_style=\u00bbvcpb-vz-jquery\u00bb bg_image_new=\u00bbid^15736|url^https:\/\/chelidonia.com\/wp-content\/uploads\/2018\/02\/captain_web16.jpg|caption^null|alt^null|title^captain_web16|description^null\u00bb bg_image_repeat=\u00bbno-repeat\u00bb parallax_sense=\u00bb80&#8243; bg_override=\u00bbex-full\u00bb disable_on_mobile_img_parallax=\u00bbdisable_on_mobile_img_parallax_value\u00bb enable_overlay=\u00bbenable_overlay_value\u00bb overlay_color=\u00bbrgba(255,255,255,0.34)\u00bb z_index=\u00bb\u00bb css=\u00bb.vc_custom_1518957061553{margin-top: 25px !important;margin-bottom: 25px !important;}\u00bb][vc_column][vc_row_inner row_type=\u00bbrow\u00bb type=\u00bbgrid\u00bb text_align=\u00bbleft\u00bb css_animation=\u00bb\u00bb][vc_column_inner][\/vc_column_inner][\/vc_row_inner][\/vc_column][\/vc_row]<\/p>\n","protected":false},"author":1,"featured_media":0,"parent":0,"menu_order":0,"comment_status":"closed","ping_status":"closed","template":"full_width.php","meta":[],"yoast_head":"<!-- This site is optimized with the Yoast SEO plugin v21.0 - https:\/\/yoast.com\/wordpress\/plugins\/seo\/ -->\n<title>Historia - Chelidonia Villas &amp; Suites<\/title>\n<meta name=\"robots\" content=\"index, follow, max-snippet:-1, max-image-preview:large, max-video-preview:-1\" \/>\n<link rel=\"canonical\" href=\"https:\/\/chelidonia.com\/es\/historia\/\" \/>\n<meta property=\"og:locale\" content=\"es_ES\" \/>\n<meta property=\"og:type\" content=\"article\" \/>\n<meta property=\"og:title\" content=\"Historia - Chelidonia Villas &amp; Suites\" \/>\n<meta property=\"og:description\" content=\"[vc_row css_animation=\u00bb\u00bb row_type=\u00bbrow\u00bb use_row_as_full_screen_section=\u00bbno\u00bb type=\u00bbfull_width\u00bb angled_section=\u00bbno\u00bb text_align=\u00bbleft\u00bb background_image_as_pattern=\u00bbwithout_pattern\u00bb css=\u00bb.vc_custom_1522259665564{margin-top: 100px !important;}\u00bb z_index=\u00bb\u00bb][vc_column][\/vc_column][\/vc_row][vc_row css_animation=\u00bb\u00bb row_type=\u00bbrow\u00bb use_row_as_full_screen_section=\u00bbno\u00bb type=\u00bbfull_width\u00bb angled_section=\u00bbno\u00bb text_align=\u00bbleft\u00bb background_image_as_pattern=\u00bbwithout_pattern\u00bb bg_type=\u00bbimage\u00bb parallax_style=\u00bbvcpb-vz-jquery\u00bb bg_image_new=\u00bbid^15736|url^https:\/\/chelidonia.com\/wp-content\/uploads\/2018\/02\/captain_web16.jpg|caption^null|alt^null|title^captain_web16|description^null\u00bb bg_image_repeat=\u00bbno-repeat\u00bb parallax_sense=\u00bb80&#8243; bg_override=\u00bbex-full\u00bb disable_on_mobile_img_parallax=\u00bbdisable_on_mobile_img_parallax_value\u00bb enable_overlay=\u00bbenable_overlay_value\u00bb overlay_color=\u00bbrgba(255,255,255,0.34)\u00bb z_index=\u00bb\u00bb css=\u00bb.vc_custom_1518957061553{margin-top: 25px !important;margin-bottom: 25px !important;}\u00bb][vc_column][vc_row_inner row_type=\u00bbrow\u00bb type=\u00bbgrid\u00bb text_align=\u00bbleft\u00bb css_animation=\u00bb\u00bb][vc_column_inner][\/vc_column_inner][\/vc_row_inner][\/vc_column][\/vc_row]\" \/>\n<meta property=\"og:url\" content=\"https:\/\/chelidonia.com\/es\/historia\/\" \/>\n<meta property=\"og:site_name\" content=\"Chelidonia Villas &amp; Suites\" \/>\n<meta property=\"article:modified_time\" content=\"2020-03-09T11:21:50+00:00\" \/>\n<meta property=\"og:image\" content=\"https:\/\/chelidonia.com\/wp-content\/uploads\/2018\/03\/chelidonia_history-300x199.png\" \/>\n<meta name=\"twitter:card\" content=\"summary_large_image\" \/>\n<meta name=\"twitter:label1\" content=\"Tiempo de lectura\" \/>\n\t<meta name=\"twitter:data1\" content=\"4 minutos\" \/>\n<script type=\"application\/ld+json\" class=\"yoast-schema-graph\">{\"@context\":\"https:\/\/schema.org\",\"@graph\":[{\"@type\":\"WebPage\",\"@id\":\"https:\/\/chelidonia.com\/es\/historia\/\",\"url\":\"https:\/\/chelidonia.com\/es\/historia\/\",\"name\":\"Historia - Chelidonia Villas &amp; Suites\",\"isPartOf\":{\"@id\":\"https:\/\/chelidonia.com\/#website\"},\"datePublished\":\"2018-02-18T10:44:08+00:00\",\"dateModified\":\"2020-03-09T11:21:50+00:00\",\"breadcrumb\":{\"@id\":\"https:\/\/chelidonia.com\/es\/historia\/#breadcrumb\"},\"inLanguage\":\"es\",\"potentialAction\":[{\"@type\":\"ReadAction\",\"target\":[\"https:\/\/chelidonia.com\/es\/historia\/\"]}]},{\"@type\":\"BreadcrumbList\",\"@id\":\"https:\/\/chelidonia.com\/es\/historia\/#breadcrumb\",\"itemListElement\":[{\"@type\":\"ListItem\",\"position\":1,\"name\":\"Home\",\"item\":\"https:\/\/chelidonia.com\/es\/\"},{\"@type\":\"ListItem\",\"position\":2,\"name\":\"Historia\"}]},{\"@type\":\"WebSite\",\"@id\":\"https:\/\/chelidonia.com\/#website\",\"url\":\"https:\/\/chelidonia.com\/\",\"name\":\"Chelidonia Villas &amp; Suites\",\"description\":\"Luxury Suites &amp; Traditional Villas\",\"potentialAction\":[{\"@type\":\"SearchAction\",\"target\":{\"@type\":\"EntryPoint\",\"urlTemplate\":\"https:\/\/chelidonia.com\/?s={search_term_string}\"},\"query-input\":\"required name=search_term_string\"}],\"inLanguage\":\"es\"}]}<\/script>\n<!-- \/ Yoast SEO plugin. -->","yoast_head_json":{"title":"Historia - Chelidonia Villas &amp; Suites","robots":{"index":"index","follow":"follow","max-snippet":"max-snippet:-1","max-image-preview":"max-image-preview:large","max-video-preview":"max-video-preview:-1"},"canonical":"https:\/\/chelidonia.com\/es\/historia\/","og_locale":"es_ES","og_type":"article","og_title":"Historia - Chelidonia Villas &amp; Suites","og_description":"[vc_row css_animation=\u00bb\u00bb row_type=\u00bbrow\u00bb use_row_as_full_screen_section=\u00bbno\u00bb type=\u00bbfull_width\u00bb angled_section=\u00bbno\u00bb text_align=\u00bbleft\u00bb background_image_as_pattern=\u00bbwithout_pattern\u00bb css=\u00bb.vc_custom_1522259665564{margin-top: 100px !important;}\u00bb z_index=\u00bb\u00bb][vc_column][\/vc_column][\/vc_row][vc_row css_animation=\u00bb\u00bb row_type=\u00bbrow\u00bb use_row_as_full_screen_section=\u00bbno\u00bb type=\u00bbfull_width\u00bb angled_section=\u00bbno\u00bb text_align=\u00bbleft\u00bb background_image_as_pattern=\u00bbwithout_pattern\u00bb bg_type=\u00bbimage\u00bb parallax_style=\u00bbvcpb-vz-jquery\u00bb bg_image_new=\u00bbid^15736|url^https:\/\/chelidonia.com\/wp-content\/uploads\/2018\/02\/captain_web16.jpg|caption^null|alt^null|title^captain_web16|description^null\u00bb bg_image_repeat=\u00bbno-repeat\u00bb parallax_sense=\u00bb80&#8243; bg_override=\u00bbex-full\u00bb disable_on_mobile_img_parallax=\u00bbdisable_on_mobile_img_parallax_value\u00bb enable_overlay=\u00bbenable_overlay_value\u00bb overlay_color=\u00bbrgba(255,255,255,0.34)\u00bb z_index=\u00bb\u00bb css=\u00bb.vc_custom_1518957061553{margin-top: 25px !important;margin-bottom: 25px !important;}\u00bb][vc_column][vc_row_inner row_type=\u00bbrow\u00bb type=\u00bbgrid\u00bb text_align=\u00bbleft\u00bb css_animation=\u00bb\u00bb][vc_column_inner][\/vc_column_inner][\/vc_row_inner][\/vc_column][\/vc_row]","og_url":"https:\/\/chelidonia.com\/es\/historia\/","og_site_name":"Chelidonia Villas &amp; Suites","article_modified_time":"2020-03-09T11:21:50+00:00","og_image":[{"url":"https:\/\/chelidonia.com\/wp-content\/uploads\/2018\/03\/chelidonia_history-300x199.png"}],"twitter_card":"summary_large_image","twitter_misc":{"Tiempo de lectura":"4 minutos"},"schema":{"@context":"https:\/\/schema.org","@graph":[{"@type":"WebPage","@id":"https:\/\/chelidonia.com\/es\/historia\/","url":"https:\/\/chelidonia.com\/es\/historia\/","name":"Historia - Chelidonia Villas &amp; Suites","isPartOf":{"@id":"https:\/\/chelidonia.com\/#website"},"datePublished":"2018-02-18T10:44:08+00:00","dateModified":"2020-03-09T11:21:50+00:00","breadcrumb":{"@id":"https:\/\/chelidonia.com\/es\/historia\/#breadcrumb"},"inLanguage":"es","potentialAction":[{"@type":"ReadAction","target":["https:\/\/chelidonia.com\/es\/historia\/"]}]},{"@type":"BreadcrumbList","@id":"https:\/\/chelidonia.com\/es\/historia\/#breadcrumb","itemListElement":[{"@type":"ListItem","position":1,"name":"Home","item":"https:\/\/chelidonia.com\/es\/"},{"@type":"ListItem","position":2,"name":"Historia"}]},{"@type":"WebSite","@id":"https:\/\/chelidonia.com\/#website","url":"https:\/\/chelidonia.com\/","name":"Chelidonia Villas &amp; Suites","description":"Luxury Suites &amp; Traditional Villas","potentialAction":[{"@type":"SearchAction","target":{"@type":"EntryPoint","urlTemplate":"https:\/\/chelidonia.com\/?s={search_term_string}"},"query-input":"required name=search_term_string"}],"inLanguage":"es"}]}},"_links":{"self":[{"href":"https:\/\/chelidonia.com\/es\/wp-json\/wp\/v2\/pages\/15849"}],"collection":[{"href":"https:\/\/chelidonia.com\/es\/wp-json\/wp\/v2\/pages"}],"about":[{"href":"https:\/\/chelidonia.com\/es\/wp-json\/wp\/v2\/types\/page"}],"author":[{"embeddable":true,"href":"https:\/\/chelidonia.com\/es\/wp-json\/wp\/v2\/users\/1"}],"replies":[{"embeddable":true,"href":"https:\/\/chelidonia.com\/es\/wp-json\/wp\/v2\/comments?post=15849"}],"version-history":[{"count":7,"href":"https:\/\/chelidonia.com\/es\/wp-json\/wp\/v2\/pages\/15849\/revisions"}],"predecessor-version":[{"id":18034,"href":"https:\/\/chelidonia.com\/es\/wp-json\/wp\/v2\/pages\/15849\/revisions\/18034"}],"wp:attachment":[{"href":"https:\/\/chelidonia.com\/es\/wp-json\/wp\/v2\/media?parent=15849"}],"curies":[{"name":"wp","href":"https:\/\/api.w.org\/{rel}","templated":true}]}}